{"id":799,"date":"2025-07-02T18:41:21","date_gmt":"2025-07-02T16:41:21","guid":{"rendered":"https:\/\/icaourense.gal\/?page_id=799"},"modified":"2025-07-03T11:43:38","modified_gmt":"2025-07-03T09:43:38","slug":"canal-de-denuncias","status":"publish","type":"page","link":"https:\/\/icaourense.gal\/gl\/canal-de-denuncias\/","title":{"rendered":"Canal de denuncias"},"content":{"rendered":"<p><\/p>\n\n\n<style>.kb-row-layout-id799_694af0-9a > .kt-row-column-wrap{align-content:start;}:where(.kb-row-layout-id799_694af0-9a > .kt-row-column-wrap) > .wp-block-kadence-column{justify-content:start;}.kb-row-layout-id799_694af0-9a > .kt-row-column-wrap{column-gap:var(--global-kb-gap-lg, 4rem);row-gap:var(--global-kb-gap-md, 2rem);padding-top:var(--global-kb-spacing-sm, 1.5rem);padding-bottom:var(--global-kb-spacing-sm, 1.5rem);grid-template-columns:repeat(2, minmax(0, 1fr));}.kb-row-layout-id799_694af0-9a > .kt-row-layout-overlay{opacity:0.30;}@media all and (max-width: 1024px){.kb-row-layout-id799_694af0-9a > .kt-row-column-wrap{grid-template-columns:repeat(2, minmax(0, 1fr));}}@media all and (max-width: 767px){.kb-row-layout-id799_694af0-9a > .kt-row-column-wrap{grid-template-columns:minmax(0, 1fr);}}<\/style><div class=\"kb-row-layout-wrap kb-row-layout-id799_694af0-9a alignnone wp-block-kadence-rowlayout\"><div class=\"kt-row-column-wrap kt-has-2-columns kt-row-layout-equal kt-tab-layout-inherit kt-mobile-layout-row kt-row-valign-top\">\n<style>.kadence-column799_87089e-db > .kt-inside-inner-col,.kadence-column799_87089e-db > .kt-inside-inner-col:before{border-top-left-radius:0px;border-top-right-radius:0px;border-bottom-right-radius:0px;border-bottom-left-radius:0px;}.kadence-column799_87089e-db > .kt-inside-inner-col{column-gap:var(--global-kb-gap-sm, 1rem);}.kadence-column799_87089e-db > .kt-inside-inner-col{flex-direction:column;}.kadence-column799_87089e-db > .kt-inside-inner-col > .aligncenter{width:100%;}.kadence-column799_87089e-db > .kt-inside-inner-col:before{opacity:0.3;}.kadence-column799_87089e-db{position:relative;}@media all and (max-width: 1024px){.kadence-column799_87089e-db > .kt-inside-inner-col{flex-direction:column;justify-content:center;}}@media all and (max-width: 767px){.kadence-column799_87089e-db > .kt-inside-inner-col{flex-direction:column;justify-content:center;}}<\/style>\n<div class=\"wp-block-kadence-column kadence-column799_87089e-db\"><div class=\"kt-inside-inner-col\"><style>.wp-block-kadence-column.kb-section-dir-horizontal > .kt-inside-inner-col > .kt-info-box799_9fba6e-44 .kt-blocks-info-box-link-wrap{max-width:unset;}.kt-info-box799_9fba6e-44 .kt-blocks-info-box-link-wrap{border-top:5px solid #d1d1d1;border-right:5px solid #d1d1d1;border-bottom:5px solid #d1d1d1;border-left:5px solid #d1d1d1;border-top-left-radius:30px;border-top-right-radius:30px;border-bottom-right-radius:30px;border-bottom-left-radius:30px;background:#f9f9f9;padding-top:var(--global-kb-spacing-xs, 1rem);padding-right:var(--global-kb-spacing-xs, 1rem);padding-bottom:var(--global-kb-spacing-xs, 1rem);padding-left:var(--global-kb-spacing-xs, 1rem);margin-bottom:var(--global-kb-spacing-md, 2rem);}.kt-info-box799_9fba6e-44 .kadence-info-box-icon-container .kt-info-svg-icon, .kt-info-box799_9fba6e-44 .kt-info-svg-icon-flip, .kt-info-box799_9fba6e-44 .kt-blocks-info-box-number{font-size:50px;}.kt-info-box799_9fba6e-44 .kt-blocks-info-box-media{color:#000000;border-color:var(--global-palette7, #eeeeee);border-radius:200px;overflow:hidden;border-top-width:0px;border-right-width:0px;border-bottom-width:0px;border-left-width:0px;padding-top:20px;padding-right:20px;padding-bottom:20px;padding-left:20px;margin-top:0px;margin-right:20px;margin-bottom:0px;margin-left:0px;}.kt-info-box799_9fba6e-44 .kt-blocks-info-box-media .kadence-info-box-image-intrisic img{border-radius:200px;}.kt-info-box799_9fba6e-44 .kt-infobox-textcontent h3.kt-blocks-info-box-title{padding-top:0px;padding-right:0px;padding-bottom:0px;padding-left:0px;margin-top:5px;margin-right:0px;margin-bottom:10px;margin-left:0px;}.kt-info-box799_9fba6e-44 .kt-blocks-info-box-learnmore{color:#ffffff;background:#6c7074;border-radius:10px;border-width:0px 0px 0px 0px;padding-top:4px;padding-right:8px;padding-bottom:4px;padding-left:8px;margin-top:10px;margin-right:0px;margin-bottom:10px;margin-left:0px;}@media all and (max-width: 1024px){.kt-info-box799_9fba6e-44 .kt-blocks-info-box-link-wrap{border-top:5px solid #d1d1d1;border-right:5px solid #d1d1d1;border-bottom:5px solid #d1d1d1;border-left:5px solid #d1d1d1;}}@media all and (max-width: 767px){.kt-info-box799_9fba6e-44 .kt-blocks-info-box-link-wrap{border-top:5px solid #d1d1d1;border-right:5px solid #d1d1d1;border-bottom:5px solid #d1d1d1;border-left:5px solid #d1d1d1;}}<\/style>\n<div class=\"wp-block-kadence-infobox kt-info-box799_9fba6e-44\"><a class=\"kt-blocks-info-box-link-wrap info-box-link kt-blocks-info-box-media-align-left kt-info-halign-left\" href=\"https:\/\/icaourense.gal\/gl\/reporte-confidencial\/\"><div class=\"kt-blocks-info-box-media-container\"><div class=\"kt-blocks-info-box-media kt-info-media-animate-none\"><div class=\"kadence-info-box-icon-container kt-info-icon-animate-none\"><div class=\"kadence-info-box-icon-inner-container\"><span class=\"kb-svg-icon-wrap kb-svg-icon-fe_arrowRightCircle kt-info-svg-icon\"><svg viewbox=\"0 0 24 24\"  fill=\"none\" stroke=\"currentColor\" stroke-width=\"2\" stroke-linecap=\"round\" stroke-linejoin=\"round\" xmlns=\"http:\/\/www.w3.org\/2000\/svg\"  aria-hidden=\"true\"><circle cx=\"12\" cy=\"12\" r=\"10\"\/><polyline points=\"12 16 16 12 12 8\"\/><line x1=\"8\" y1=\"12\" x2=\"16\" y2=\"12\"\/><\/svg><\/span><\/div><\/div><\/div><\/div><div class=\"kt-infobox-textcontent\"><h3 class=\"kt-blocks-info-box-title\">Reporte Confidencial<\/h3><\/div><\/a><\/div>\n\n\n\n<p>Puede elegir reportar de manera confidencial. Su identidad solo ser\u00e1 conocida por las personas encargadas de su caso, quienes manejar\u00e1n su informaci\u00f3n de forma privada. Adem\u00e1s, su identidad se mantendr\u00e1 an\u00f3nima ante los dem\u00e1s durante el proceso.<\/p>\n\n\n\n<p>Su identidad no ser\u00e1 revelada a otros dentro de la organizaci\u00f3n sin su consentimiento expl\u00edcito. Solo se solicitar\u00e1 su autorizaci\u00f3n para compartirla si es estrictamente necesario para el desarrollo interno del caso.<\/p>\n\n\n\n<p>Al utilizar el sistema de comunicaci\u00f3n de irregularidades de manera confidencial, tanto su caso como su informaci\u00f3n quedar\u00e1n registrados, lo que le permitir\u00e1 hacer valer sus derechos de protecci\u00f3n bajo la legislaci\u00f3n vigente en materia de denuncias desde el primer contacto.<\/p>\n\n\n\n<p>Se recomienda encarecidamente hacer uso de la opci\u00f3n de informes confidenciales, ya que garantiza el mejor tratamiento posible de su caso y le brinda la m\u00e1xima protecci\u00f3n<br><\/p>\n<\/div><\/div>\n\n\n<style>.kadence-column799_2c8406-cf > .kt-inside-inner-col,.kadence-column799_2c8406-cf > .kt-inside-inner-col:before{border-top-left-radius:0px;border-top-right-radius:0px;border-bottom-right-radius:0px;border-bottom-left-radius:0px;}.kadence-column799_2c8406-cf > .kt-inside-inner-col{column-gap:var(--global-kb-gap-sm, 1rem);}.kadence-column799_2c8406-cf > .kt-inside-inner-col{flex-direction:column;}.kadence-column799_2c8406-cf > .kt-inside-inner-col > .aligncenter{width:100%;}.kadence-column799_2c8406-cf > .kt-inside-inner-col:before{opacity:0.3;}.kadence-column799_2c8406-cf{position:relative;}@media all and (max-width: 1024px){.kadence-column799_2c8406-cf > .kt-inside-inner-col{flex-direction:column;justify-content:center;}}@media all and (max-width: 767px){.kadence-column799_2c8406-cf > .kt-inside-inner-col{flex-direction:column;justify-content:center;}}<\/style>\n<div class=\"wp-block-kadence-column kadence-column799_2c8406-cf\"><div class=\"kt-inside-inner-col\"><style>.wp-block-kadence-column.kb-section-dir-horizontal > .kt-inside-inner-col > .kt-info-box799_df1858-b9 .kt-blocks-info-box-link-wrap{max-width:unset;}.kt-info-box799_df1858-b9 .kt-blocks-info-box-link-wrap{border-top:5px solid #d1d1d1;border-right:5px solid #d1d1d1;border-bottom:5px solid #d1d1d1;border-left:5px solid #d1d1d1;border-top-left-radius:30px;border-top-right-radius:30px;border-bottom-right-radius:30px;border-bottom-left-radius:30px;background:#f9f9f9;padding-top:var(--global-kb-spacing-xs, 1rem);padding-right:var(--global-kb-spacing-xs, 1rem);padding-bottom:var(--global-kb-spacing-xs, 1rem);padding-left:var(--global-kb-spacing-xs, 1rem);margin-bottom:var(--global-kb-spacing-md, 2rem);}.kt-info-box799_df1858-b9 .kadence-info-box-icon-container .kt-info-svg-icon, .kt-info-box799_df1858-b9 .kt-info-svg-icon-flip, .kt-info-box799_df1858-b9 .kt-blocks-info-box-number{font-size:50px;}.kt-info-box799_df1858-b9 .kt-blocks-info-box-media{color:#000000;border-color:var(--global-palette7, #eeeeee);border-radius:200px;overflow:hidden;border-top-width:0px;border-right-width:0px;border-bottom-width:0px;border-left-width:0px;padding-top:20px;padding-right:20px;padding-bottom:20px;padding-left:20px;margin-top:0px;margin-right:20px;margin-bottom:0px;margin-left:0px;}.kt-info-box799_df1858-b9 .kt-blocks-info-box-media .kadence-info-box-image-intrisic img{border-radius:200px;}.kt-info-box799_df1858-b9 .kt-infobox-textcontent h3.kt-blocks-info-box-title{padding-top:0px;padding-right:0px;padding-bottom:0px;padding-left:0px;margin-top:5px;margin-right:0px;margin-bottom:10px;margin-left:0px;}.kt-info-box799_df1858-b9 .kt-blocks-info-box-learnmore{color:#ffffff;background:#6c7074;border-radius:10px;border-width:0px 0px 0px 0px;padding-top:4px;padding-right:8px;padding-bottom:4px;padding-left:8px;margin-top:10px;margin-right:0px;margin-bottom:10px;margin-left:0px;}@media all and (max-width: 1024px){.kt-info-box799_df1858-b9 .kt-blocks-info-box-link-wrap{border-top:5px solid #d1d1d1;border-right:5px solid #d1d1d1;border-bottom:5px solid #d1d1d1;border-left:5px solid #d1d1d1;}}@media all and (max-width: 767px){.kt-info-box799_df1858-b9 .kt-blocks-info-box-link-wrap{border-top:5px solid #d1d1d1;border-right:5px solid #d1d1d1;border-bottom:5px solid #d1d1d1;border-left:5px solid #d1d1d1;}}<\/style>\n<div class=\"wp-block-kadence-infobox kt-info-box799_df1858-b9\"><a class=\"kt-blocks-info-box-link-wrap info-box-link kt-blocks-info-box-media-align-left kt-info-halign-left\" href=\"https:\/\/icaourense.gal\/gl\/reporte-anonimo\/\"><div class=\"kt-blocks-info-box-media-container\"><div class=\"kt-blocks-info-box-media kt-info-media-animate-none\"><div class=\"kadence-info-box-icon-container kt-info-icon-animate-none\"><div class=\"kadence-info-box-icon-inner-container\"><span class=\"kb-svg-icon-wrap kb-svg-icon-fe_arrowRightCircle kt-info-svg-icon\"><svg viewbox=\"0 0 24 24\"  fill=\"none\" stroke=\"currentColor\" stroke-width=\"2\" stroke-linecap=\"round\" stroke-linejoin=\"round\" xmlns=\"http:\/\/www.w3.org\/2000\/svg\"  aria-hidden=\"true\"><circle cx=\"12\" cy=\"12\" r=\"10\"\/><polyline points=\"12 16 16 12 12 8\"\/><line x1=\"8\" y1=\"12\" x2=\"16\" y2=\"12\"\/><\/svg><\/span><\/div><\/div><\/div><\/div><div class=\"kt-infobox-textcontent\"><h3 class=\"kt-blocks-info-box-title\">Reporte An\u00f3nimo<\/h3><\/div><\/a><\/div>\n\n\n\n<p>Tiene la opci\u00f3n de hacer un reporte de manera an\u00f3nima si prefiere no revelar su identidad durante el proceso.<\/p>\n\n\n\n<p>Sin embargo, al optar por el anonimato, podr\u00eda ser m\u00e1s complicado invocar en el futuro la protecci\u00f3n que ofrece la legislaci\u00f3n sobre la comunicaci\u00f3n de irregularidades.<\/p>\n\n\n\n<p>Si decide proceder de forma an\u00f3nima, es crucial que no deje ning\u00fan rastro electr\u00f3nico. Revise los metadatos de los archivos que cargue y evite utilizar dispositivos proporcionados por su empleador, como computadoras o tel\u00e9fonos m\u00f3viles. Esto le ofrecer\u00e1 la mejor protecci\u00f3n posible como denunciante an\u00f3nimo.<\/p>\n\n\n\n<p>A pesar de la opci\u00f3n an\u00f3nima, se recomienda realizar el reporte de manera confidencial, ya que proporciona una protecci\u00f3n m\u00e1s s\u00f3lida y efectiva para su caso.<\/p>\n<\/div><\/div>\n\n<\/div><\/div>\n\n\n<p><\/p>","protected":false},"excerpt":{"rendered":"<p>Puede elegir reportar de manera confidencial. Su identidad solo ser\u00e1 conocida por las personas encargadas de su caso, quienes manejar\u00e1n su informaci\u00f3n de forma privada. Adem\u00e1s, su identidad se mantendr\u00e1 an\u00f3nima ante los dem\u00e1s durante el proceso. Su identidad no ser\u00e1 revelada a otros dentro de la organizaci\u00f3n sin su consentimiento expl\u00edcito. Solo se solicitar\u00e1 &hellip; <\/p>","protected":false},"author":1,"featured_media":0,"parent":0,"menu_order":0,"comment_status":"closed","ping_status":"closed","template":"","meta":{"footnotes":""},"class_list":["post-799","page","type-page","status-publish","hentry"],"_links":{"self":[{"href":"https:\/\/icaourense.gal\/gl\/wp-json\/wp\/v2\/pages\/799","targetHints":{"allow":["GET"]}}],"collection":[{"href":"https:\/\/icaourense.gal\/gl\/wp-json\/wp\/v2\/pages"}],"about":[{"href":"https:\/\/icaourense.gal\/gl\/wp-json\/wp\/v2\/types\/page"}],"author":[{"embeddable":true,"href":"https:\/\/icaourense.gal\/gl\/wp-json\/wp\/v2\/users\/1"}],"replies":[{"embeddable":true,"href":"https:\/\/icaourense.gal\/gl\/wp-json\/wp\/v2\/comments?post=799"}],"version-history":[{"count":4,"href":"https:\/\/icaourense.gal\/gl\/wp-json\/wp\/v2\/pages\/799\/revisions"}],"predecessor-version":[{"id":826,"href":"https:\/\/icaourense.gal\/gl\/wp-json\/wp\/v2\/pages\/799\/revisions\/826"}],"wp:attachment":[{"href":"https:\/\/icaourense.gal\/gl\/wp-json\/wp\/v2\/media?parent=799"}],"curies":[{"name":"wp","href":"https:\/\/api.w.org\/{rel}","templated":true}]}}