{"id":423,"date":"2025-06-17T15:28:43","date_gmt":"2025-06-17T13:28:43","guid":{"rendered":"http:\/\/icaourense.gal\/?page_id=423"},"modified":"2025-06-17T15:28:43","modified_gmt":"2025-06-17T13:28:43","slug":"declaracion-de-accesibilidad-web","status":"publish","type":"page","link":"https:\/\/icaourense.gal\/gl\/declaracion-de-accesibilidad-web\/","title":{"rendered":"Declaraci\u00f3n de accesibilidade web"},"content":{"rendered":"<p class=\"translation-block\">O ILUSTRE COLEXIO DA AVOGAC\u00cdA DE OURENSE comprom\u00e9tese a facer accesible o seu sitio web de conformidade co <a href=\"https:\/\/www.boe.es\/diario_boe\/txt.php?id=BOE-A-2018-12699\" target=\"_blank\" rel=\"noreferrer noopener\">Real Decreto 1112\/2018, sobre accesibilidade dos sitios web e aplicaci\u00f3ns para dispositivos m\u00f3biles do sector p\u00fablico.<\/a><\/p>\n\n\n\n<p>A presente declaraci\u00f3n de accesibilidade apl\u00edcase ao sitio web www.icaourense.gal<\/p>\n\n\n\n<p><strong>&nbsp;Situaci\u00f3n de cumplimento<\/strong><\/p>\n\n\n\n<p class=\"translation-block\">Este sitio web \u00e9 <strong>parcialmente conforme<\/strong> co RD 1112\/2018 debido \u00e1 falta de conformidade dos aspectos que se indican a continuaci\u00f3n.<\/p>\n\n\n\n<p><strong>Contido non accesible<\/strong><\/p>\n\n\n\n<p>O contido que se recolle a continuaci\u00f3n non \u00e9 accesible polo seguinte:<\/p>\n\n\n\n<ul class=\"wp-block-list\">\n<li>Falta de conformidad con el RD 1112\/2018\n<ul class=\"wp-block-list\">\n<li>Se pueden encontrar im\u00e1genes sin que acompa\u00f1e texto explicativo.<\/li>\n\n\n\n<li>Se puede encontrar a\u00fan anidamientos incorrectos de etiquetas.<\/li>\n\n\n\n<li>Podr\u00edan existir fallos de edici\u00f3n en la p\u00e1gina web.<\/li>\n<\/ul>\n<\/li>\n\n\n\n<li>Carga desproporcionada\n<ul class=\"wp-block-list\">\n<li>No aplica.<\/li>\n<\/ul>\n<\/li>\n\n\n\n<li>El contenido no entra dentro del \u00e1mbito de la legislaci\u00f3n aplicable\n<ul class=\"wp-block-list\">\n<li>Existen archivos ofim\u00e1ticos en PDF que no cumplan en su totalidad todos los requisitos de accesibilidad.<\/li>\n<\/ul>\n<\/li>\n<\/ul>\n\n\n\n<p><strong>Preparaci\u00f3n da presente declaraci\u00f3n de accesibilidade<\/strong><\/p>\n\n\n\n<p>A presente declaraci\u00f3n foi preparada 0 21 de marzo de 2023.<\/p>\n\n\n\n<p>O m\u00e9todo empregado para preparar a declaraci\u00f3n foi unha autoevaluaci\u00f3n levada a cabo polo equipo de accesibilidade.<\/p>\n\n\n\n<p>\u00daltima revisi\u00f3n da declaraci\u00f3n: 21 de marzo de 2023.<\/p>\n\n\n\n<p><strong>Observaci\u00f3ns e datos de contacto:<\/strong><\/p>\n\n\n\n<p>P\u00f3dense realizar comunicaci\u00f3ns sobre requisitos de accesibilidade (artigo 10.2.a) do RD 1112\/2018), como por exemplo:<\/p>\n\n\n\n<p>1. Informar sobre calquera posible incumprimento por parte deste sitio web.<\/p>\n\n\n\n<p>2. Transmitir outras dificultades de acceso ao contido<\/p>\n\n\n\n<p>3. Formular calquera outra consulta ou suxerencia de mellora relativa \u00e1 accesibilidade do sitio web.<\/p>\n\n\n\n<p>A trav\u00e9s do noso buz\u00f3n de suxerencias, ou de xeito presencial na nosa sede: R\u00faa Concello, 22 Baixo 32002 Ourense<\/p>\n\n\n\n<p>Indicando no Asunto: \u00abAccesibilidade Web\u00bb&nbsp;<\/p>\n\n\n\n<p>As comunicaci\u00f3ns recibiranse e trataranse por parte do equipo de Accesibilidade.<\/p>\n\n\n\n<p><strong>Contido opcional<\/strong><\/p>\n\n\n\n<p>Nesta web adopt\u00e1ronse unha serie de medidas cuxo obxectivo \u00e9 mellorar a accesibilidade. As vantaxes que iso conleva son, entre outras:<\/p>\n\n\n\n<p>&nbsp;1. Facilitar o acceso das persoas independentemente da s\u00faa condici\u00f3n f\u00edsica ou do seu entorno.<\/p>\n\n\n\n<p>2. Incluir contidos claros e ben estruturados.<\/p>\n\n\n\n<p>&nbsp;3. Mellorar a navegaci\u00f3n e a experiencia do usuario.<\/p>\n\n\n\n<p>Entre as medidas adoptadas:<\/p>\n\n\n\n<p><strong>Lector de contido:<\/strong><\/p>\n\n\n\n<p>Este portal disp\u00f3n dun servizo de audio contidos que facilita o acceso \u00e1 informaci\u00f3n por parte de usuarios con dificultades para a s\u00faa lectura en pantalla.<\/p>\n\n\n\n<p>Con esta ferramenta facil\u00edtase o acceso \u00e1 informaci\u00f3n, incorporando o formato audio para acceder aos contidos.<\/p>\n\n\n\n<p>O servizo conta con algunhas caracter\u00edsticas personalizables:<\/p>\n\n\n\n<p>&nbsp;O texto destaca mentres est\u00e1 a ser lido, reforzando as\u00ed a s\u00faa comprensi\u00f3n.<\/p>\n\n\n\n<p>&nbsp;Permite modificar a velocidade de lectura e a forma na que se resalta o texto: frase por frase, ou ben palabra por palabra.<\/p>\n\n\n\n<p>&nbsp;P\u00f3dese seleccionar parte do texto para escoitar s\u00f3 determinados contidos da p\u00e1xina.<\/p>\n\n\n\n<p>&nbsp;Permite descargar o audio xerado en formato mp3.<\/p>\n\n\n\n<p><strong>Atallos do teclado<\/strong><\/p>\n\n\n\n<ul class=\"wp-block-list\">\n<li>Internet Explorer 6 ou superiores: ALT + Tecla de acceso r\u00e1pido + Tecla ENTER<\/li>\n\n\n\n<li>Mozilla Firefox 2.0 ou superiores: ALT + MAY\u00daSCULAS + Tecla de acceso r\u00e1pido (configuraci\u00f3n avanzada no navegador con d\u00faas teclas).<\/li>\n\n\n\n<li>Opera: Tecla May\u00fasculas + Esc para activar as teclas de acceso r\u00e1pido.<\/li>\n\n\n\n<li>MacOS: CONTROL + Tecla de acceso r\u00e1pido.<\/li>\n\n\n\n<li>Chrome: ALT + Tecla de acceso r\u00e1pido.<\/li>\n<\/ul>","protected":false},"excerpt":{"rendered":"<p>ILUSTRE COLEXIO DA AVOGAC\u00cdA DE OURENSE se compromete en hacer accesible su sitio web de conformidad con el\u00a0Real Decreto 1112\/2018, sobre accesibilidad de los sitios webs y aplicaciones para dispositivos m\u00f3viles del sector p\u00fablico.\u00a0 La presente declaraci\u00f3n de accesibilidad se aplica al sitio web\u00a0www.icaourense.gal &nbsp;Situaci\u00f3n de cumplimiento Este sitio web es&nbsp;parcialmente conforme&nbsp;con el RD 1112\/2018 &hellip; <\/p>","protected":false},"author":1,"featured_media":0,"parent":0,"menu_order":0,"comment_status":"closed","ping_status":"closed","template":"","meta":{"footnotes":""},"class_list":["post-423","page","type-page","status-publish","hentry"],"_links":{"self":[{"href":"https:\/\/icaourense.gal\/gl\/wp-json\/wp\/v2\/pages\/423","targetHints":{"allow":["GET"]}}],"collection":[{"href":"https:\/\/icaourense.gal\/gl\/wp-json\/wp\/v2\/pages"}],"about":[{"href":"https:\/\/icaourense.gal\/gl\/wp-json\/wp\/v2\/types\/page"}],"author":[{"embeddable":true,"href":"https:\/\/icaourense.gal\/gl\/wp-json\/wp\/v2\/users\/1"}],"replies":[{"embeddable":true,"href":"https:\/\/icaourense.gal\/gl\/wp-json\/wp\/v2\/comments?post=423"}],"version-history":[{"count":1,"href":"https:\/\/icaourense.gal\/gl\/wp-json\/wp\/v2\/pages\/423\/revisions"}],"predecessor-version":[{"id":424,"href":"https:\/\/icaourense.gal\/gl\/wp-json\/wp\/v2\/pages\/423\/revisions\/424"}],"wp:attachment":[{"href":"https:\/\/icaourense.gal\/gl\/wp-json\/wp\/v2\/media?parent=423"}],"curies":[{"name":"wp","href":"https:\/\/api.w.org\/{rel}","templated":true}]}}