{"id":362,"date":"2025-06-17T13:10:43","date_gmt":"2025-06-17T11:10:43","guid":{"rendered":"http:\/\/icaourense.gal\/?page_id=362"},"modified":"2025-07-19T20:33:36","modified_gmt":"2025-07-19T18:33:36","slug":"asistencia-xuridica-gratuita","status":"publish","type":"page","link":"https:\/\/icaourense.gal\/gl\/asistencia-xuridica-gratuita\/","title":{"rendered":"Asistencia Xur\u00eddica Gratuita"},"content":{"rendered":"<p>Dacordo co dereito que o artigo 24 da Constituci\u00f3n reco\u00f1ece aos cidad\u00e1ns a obter a tutela efectiva dos xu\u00edces e tribunais no exercicio dos seus lex\u00edtimos dereitos, sen que en ning\u00fan caso se atopen indefensos,<a href=\"https:\/\/www.boe.es\/buscar\/act.php?id=BOE-A-1996-750\"> a Lei de asistencia xur\u00eddica gratu\u00edta (Lei 1\/1996, do 10 de xaneiro)<\/a> e o <a href=\"https:\/\/noticias.juridicas.com\/base_datos\/CCAA\/ga-d269-2008.html\" data-type=\"link\" data-id=\"https:\/\/noticias.juridicas.com\/base_datos\/CCAA\/ga-d269-2008.html\">Regulamento de asistencia xur\u00eddica gratu\u00edta de Galicia (Decreto 269\/2008, do 6 de novembro)<\/a>, establecer os requisitos e os pasos para acceder \u00e1 xustiza en igualdade de condici\u00f3ns, sen que a falta de recursos suficientes sexa un impedimento para iso.<\/p>\n\n\n\n<p>A asistencia xur\u00eddica gratu\u00edta \u00e9 un conxunto de prestaci\u00f3ns que incl\u00faen a defensa gratu\u00edta, a representaci\u00f3n gratu\u00edta e outras prestaci\u00f3ns establecidas no artigo 6 da Lei de asistencia xur\u00eddica gratu\u00edta. Te\u00f1en dereito \u00e1s prestaci\u00f3ns todas as persoas f\u00edsicas cuxos recursos econ\u00f3micos e ingresos familiares, por calquera concepto, non superen, con car\u00e1cter xeral, o dobre do IPREM (Fondo de Pensi\u00f3ns Espa\u00f1ol para a Protecci\u00f3n da Renda das Persoas F\u00edsicas) ou os l\u00edmites establecidos no artigo 3 da Lei.<\/p>\n\n\n\n<p>Tam\u00e9n te\u00f1en dereito \u00e1 asistencia xur\u00eddica gratu\u00edta, independentemente dos seus recursos econ\u00f3micos, as persoas traballadoras e beneficiarias de prestaci\u00f3ns da seguridade social na orde social, as v\u00edtimas de violencia de x\u00e9nero, terrorismo e trata de persoas, as\u00ed como os menores e as persoas con discapacidade v\u00edtimas de abusos ou malos tratos e as demais persoas establecidas no artigo 2 da Lei.<\/p>\n\n\n\n<p>Para solicitarla, debe presentarse el modelo de solicitud, que puede obtenerse en los servicios de orientaci\u00f3n jur\u00eddica de los Colegios de la Abogac\u00eda, en los juzgados, en dependencias de la Xunta o en la p\u00e1gina web de esta o del ICA (formulario PR204A). <\/p>\n\n\n\n<p class=\"translation-block\">A solicitude, xunto coa documentaci\u00f3n requirida, debe entregarse na oficina do Ilustre Colexio da Avogac\u00eda de Ourense situada no edificio dos Xulgados, na planta -1, da r\u00faa Vel\u00e1zquez.<\/p>\n\n\n\n<p>Unha vez tramitado o expediente polo Ilustre Colexio de Avogados de Ourense, ser\u00e1 a Comisi\u00f3n Provincial de Asistencia Xur\u00eddica Gratu\u00edta, dependente da Xunta de Galicia (en Ourense, na Avenida da Habana, 79-2\u00ba, CP: 32004, Tel: 988 38 63 82), a que reco\u00f1ecer\u00e1 ou denegar\u00e1 o dereito \u00e1 asistencia xur\u00eddica gratu\u00edta.<\/p>\n\n\n\n<p>M\u00e1is informaci\u00f3n<\/p>\n\n\n\n<ul class=\"wp-block-list\">\n<li>Presencial: en la oficina del juzgado, calle Vel\u00e1zquez s\/n, de 9:00 a 13:30 horas.<\/li>\n\n\n\n<li>Telef\u00f3nica: de 9:00 a 13:30 horas, en el n\u00famero de tel\u00e9fono 988370746.<\/li>\n\n\n\n<li>En li\u00f1a: en calquera momento a trav\u00e9s do rexistro electr\u00f3nico da sede del Colexio.<\/li>\n<\/ul>\n\n\n\n<p><strong>Documentos de interese:<\/strong><\/p>\n\n\n\n<ul class=\"wp-block-list\">\n<li><a href=\"http:\/\/Para m\u00e1is informaci\u00f3n:&nbsp;https:\/\/www.abogacia.es\/servicios\/ciudadanos\/servicios-de-orientacion-juridica-gratu\u00edta\/\">Consello Xeral da Avogac\u00eda Espa\u00f1ola<\/a><\/li>\n\n\n\n<li><a href=\"http:\/\/icaourense.gal\/wp-content\/uploads\/2025\/06\/CARTA-DERECHOS-Y-DEBERES.pdf\" data-type=\"link\" data-id=\"http:\/\/icaourense.gal\/wp-content\/uploads\/2025\/06\/CARTA-DERECHOS-Y-DEBERES.pdf\">Carta de Dereitos e Deberes<\/a><\/li>\n\n\n\n<li><a href=\"http:\/\/icaourense.gal\/wp-content\/uploads\/2025\/06\/Eleccion-abogado.pdf\" data-type=\"link\" data-id=\"http:\/\/icaourense.gal\/wp-content\/uploads\/2025\/06\/Eleccion-abogado.pdf\">Escolla de avogado<\/a><\/li>\n\n\n\n<li><a href=\"http:\/\/icaourense.gal\/wp-content\/uploads\/2025\/07\/Solicitud-Anexo-I.pdf\">Documento de solicitud para el reconocimiento de Asistencia Jur\u00eddica Gratuita <\/a><\/li>\n<\/ul>\n\n\n\n<p><\/p>","protected":false},"excerpt":{"rendered":"<p>De acuerdo con el derecho que reconoce el art\u00edculo 24 de la Constituci\u00f3n a los ciudadanos y ciudadanas a obtener la tutela efectiva de jueces y tribunales en el ejercicio de sus derechos leg\u00edtimos, sin que en ning\u00fan caso pueda producirse indefensi\u00f3n, la Ley de Asistencia Jur\u00eddica Gratuita (Ley 1\/1996 de 10 de enero) y &hellip; <\/p>","protected":false},"author":1,"featured_media":0,"parent":0,"menu_order":0,"comment_status":"closed","ping_status":"closed","template":"","meta":{"footnotes":""},"class_list":["post-362","page","type-page","status-publish","hentry"],"_links":{"self":[{"href":"https:\/\/icaourense.gal\/gl\/wp-json\/wp\/v2\/pages\/362","targetHints":{"allow":["GET"]}}],"collection":[{"href":"https:\/\/icaourense.gal\/gl\/wp-json\/wp\/v2\/pages"}],"about":[{"href":"https:\/\/icaourense.gal\/gl\/wp-json\/wp\/v2\/types\/page"}],"author":[{"embeddable":true,"href":"https:\/\/icaourense.gal\/gl\/wp-json\/wp\/v2\/users\/1"}],"replies":[{"embeddable":true,"href":"https:\/\/icaourense.gal\/gl\/wp-json\/wp\/v2\/comments?post=362"}],"version-history":[{"count":10,"href":"https:\/\/icaourense.gal\/gl\/wp-json\/wp\/v2\/pages\/362\/revisions"}],"predecessor-version":[{"id":953,"href":"https:\/\/icaourense.gal\/gl\/wp-json\/wp\/v2\/pages\/362\/revisions\/953"}],"wp:attachment":[{"href":"https:\/\/icaourense.gal\/gl\/wp-json\/wp\/v2\/media?parent=362"}],"curies":[{"name":"wp","href":"https:\/\/api.w.org\/{rel}","templated":true}]}}