{"id":341,"date":"2025-06-17T12:52:31","date_gmt":"2025-06-17T10:52:31","guid":{"rendered":"http:\/\/icaourense.gal\/?page_id=341"},"modified":"2025-06-19T19:13:04","modified_gmt":"2025-06-19T17:13:04","slug":"seguro","status":"publish","type":"page","link":"https:\/\/icaourense.gal\/gl\/seguro\/","title":{"rendered":"Seguro\u00a0"},"content":{"rendered":"<p>Os membros do colectivo que te\u00f1an o seguro a trav\u00e9s da p\u00f3liza colectiva do ICA, pasar\u00e1selles o importe de forma fraccionada en catro cotas trimestrais.<\/p>\n\n\n\n<p>Os\/as compa\u00f1eiros\/as que non desexen estar cubertos\/as por esta p\u00f3liza e conten cun seguro de responsabilidade civil contratado que lles dea cobertura deben comunicalo para non seren inclu\u00eddos\/as na p\u00f3liza.<\/p>\n\n\n\n<p>Os membros de nova colexiaci\u00f3n estar\u00e1n cubertos desde a s\u00faa colexiaci\u00f3n ata o vencemento da p\u00f3liza en vigor no ano en que se colexian.<\/p>","protected":false},"excerpt":{"rendered":"<p>Los miembros del colectivo que tengan el seguro a trav\u00e9s de la p\u00f3liza colectiva del ICA, se les pasar\u00e1 el importe de forma fraccionada en cuatro cuotas trimestrales. Los\/as compa\u00f1eros\/as que no deseen estar cubiertos por esta p\u00f3liza y tengan un seguro de responsabilidad civil contratado que les cubra, deben comunicarlo para no ser incluidos\/as &hellip; <\/p>","protected":false},"author":1,"featured_media":0,"parent":0,"menu_order":0,"comment_status":"closed","ping_status":"closed","template":"","meta":{"footnotes":""},"class_list":["post-341","page","type-page","status-publish","hentry"],"_links":{"self":[{"href":"https:\/\/icaourense.gal\/gl\/wp-json\/wp\/v2\/pages\/341","targetHints":{"allow":["GET"]}}],"collection":[{"href":"https:\/\/icaourense.gal\/gl\/wp-json\/wp\/v2\/pages"}],"about":[{"href":"https:\/\/icaourense.gal\/gl\/wp-json\/wp\/v2\/types\/page"}],"author":[{"embeddable":true,"href":"https:\/\/icaourense.gal\/gl\/wp-json\/wp\/v2\/users\/1"}],"replies":[{"embeddable":true,"href":"https:\/\/icaourense.gal\/gl\/wp-json\/wp\/v2\/comments?post=341"}],"version-history":[{"count":2,"href":"https:\/\/icaourense.gal\/gl\/wp-json\/wp\/v2\/pages\/341\/revisions"}],"predecessor-version":[{"id":507,"href":"https:\/\/icaourense.gal\/gl\/wp-json\/wp\/v2\/pages\/341\/revisions\/507"}],"wp:attachment":[{"href":"https:\/\/icaourense.gal\/gl\/wp-json\/wp\/v2\/media?parent=341"}],"curies":[{"name":"wp","href":"https:\/\/api.w.org\/{rel}","templated":true}]}}