{"id":331,"date":"2025-06-17T12:41:52","date_gmt":"2025-06-17T10:41:52","guid":{"rendered":"http:\/\/icaourense.gal\/?page_id=331"},"modified":"2025-06-30T12:12:21","modified_gmt":"2025-06-30T10:12:21","slug":"comisions-responsables-de-area","status":"publish","type":"page","link":"https:\/\/icaourense.gal\/gl\/comisions-responsables-de-area\/","title":{"rendered":"Comisi\u00f3ns \/ Responsables de \u00e1rea"},"content":{"rendered":"<p>As distintas comisi\u00f3ns e responsables de \u00e1rea que existen no Ilustre Colexio da Avogac\u00eda de Ourense buscan facer un seguimento das diferentes materias da avogac\u00eda e do traballo interno, tendo como obxectivo o control e o bo funcionamento da instituci\u00f3n.<\/p>\n\n\n\n<p class=\"translation-block\">Para contactar con algunha comisi\u00f3n ou responsable de \u00e1rea, p\u00f3dese preguntar ao persoal do Colexio ou enviar un correo electr\u00f3nico a:\u00a0<a href=\"mailto:secretaria@icaourense.gal\" target=\"_self\">secretaria@icaourense.gal<\/a><\/p>\n\n\n\n<p><\/p>","protected":false},"excerpt":{"rendered":"<p>Las diferentes comisiones y responsables de \u00e1rea que existen en el Ilustre Colexio da Avogac\u00eda de Ourense, buscan realizar un seguimiento de las diferentes materias de la abogac\u00eda y del trabajo interno, teniendo como objetivo el control y buen funcionamiento de la instituci\u00f3n. Para contactar con alguna comisi\u00f3n o responsable de \u00e1rea, preguntar al personal &hellip; <\/p>","protected":false},"author":1,"featured_media":0,"parent":0,"menu_order":0,"comment_status":"closed","ping_status":"closed","template":"","meta":{"footnotes":""},"class_list":["post-331","page","type-page","status-publish","hentry"],"_links":{"self":[{"href":"https:\/\/icaourense.gal\/gl\/wp-json\/wp\/v2\/pages\/331","targetHints":{"allow":["GET"]}}],"collection":[{"href":"https:\/\/icaourense.gal\/gl\/wp-json\/wp\/v2\/pages"}],"about":[{"href":"https:\/\/icaourense.gal\/gl\/wp-json\/wp\/v2\/types\/page"}],"author":[{"embeddable":true,"href":"https:\/\/icaourense.gal\/gl\/wp-json\/wp\/v2\/users\/1"}],"replies":[{"embeddable":true,"href":"https:\/\/icaourense.gal\/gl\/wp-json\/wp\/v2\/comments?post=331"}],"version-history":[{"count":3,"href":"https:\/\/icaourense.gal\/gl\/wp-json\/wp\/v2\/pages\/331\/revisions"}],"predecessor-version":[{"id":783,"href":"https:\/\/icaourense.gal\/gl\/wp-json\/wp\/v2\/pages\/331\/revisions\/783"}],"wp:attachment":[{"href":"https:\/\/icaourense.gal\/gl\/wp-json\/wp\/v2\/media?parent=331"}],"curies":[{"name":"wp","href":"https:\/\/api.w.org\/{rel}","templated":true}]}}