{"id":319,"date":"2025-06-17T12:30:55","date_gmt":"2025-06-17T10:30:55","guid":{"rendered":"http:\/\/icaourense.gal\/?page_id=319"},"modified":"2026-01-07T13:04:50","modified_gmt":"2026-01-07T12:04:50","slug":"o-colexio","status":"publish","type":"page","link":"https:\/\/icaourense.gal\/gl\/o-colexio\/","title":{"rendered":"Colexio"},"content":{"rendered":"<p><strong>A nosa historia<\/strong><\/p>\n\n\n\n<div class=\"wp-block-media-text is-stacked-on-mobile\"><figure class=\"wp-block-media-text__media\"><img loading=\"lazy\" decoding=\"async\" width=\"500\" height=\"334\" src=\"http:\/\/icaourense.gal\/wp-content\/uploads\/2025\/06\/historia.jpg\" alt=\"\" class=\"wp-image-298 size-full\" srcset=\"https:\/\/icaourense.gal\/wp-content\/uploads\/2025\/06\/historia.jpg 500w, https:\/\/icaourense.gal\/wp-content\/uploads\/2025\/06\/historia-300x200.jpg 300w, https:\/\/icaourense.gal\/wp-content\/uploads\/2025\/06\/historia-90x60.jpg 90w\" sizes=\"auto, (max-width: 500px) 100vw, 500px\" \/><\/figure><div class=\"wp-block-media-text__content\">\n<p>Desde a s\u00faa constituci\u00f3n, no s\u00e9culo XIX, o Ilustre Colexio da Avogac\u00eda de Ourense buscou participar activamente na defensa dos intereses da nosa provincia e na mellora da vida das persoas que nela habitan. Xeraci\u00f3ns de letrados e letradas formaron parte del, e a elas d\u00e9beselles boa parte do que se ten conseguido para a dignificaci\u00f3n da nosa profesi\u00f3n.<\/p>\n\n\n\n<p><\/p>\n<\/div><\/div>\n\n\n\n<p>O Ilustre Colexio da Avogac\u00eda de Ourense representa parte da historia xur\u00eddica e social da provincia de Ourense, onde pasado, presente e futuro dos membros deste colectivo se unen na defensa dos dereitos e intereses da cidadan\u00eda e dos propios, conforme aos principios deontol\u00f3xicos que gu\u00edan a nosa profesi\u00f3n e a nosa actividade.<\/p>\n\n\n\n<p>Dende as dependencias colexiais da r\u00faa Concello e do Edificio Xudicial, e a trav\u00e9s da nosa p\u00e1xina web, pretendemos prestar mellores servizos ao noso colectivo e \u00e1 cidadan\u00eda.<\/p>\n\n\n\n<div style=\"height:30px\" aria-hidden=\"true\" class=\"wp-block-spacer\"><\/div>\n\n\n<style>.kb-row-layout-id319_974bcf-09 > .kt-row-column-wrap{align-content:start;}:where(.kb-row-layout-id319_974bcf-09 > .kt-row-column-wrap) > .wp-block-kadence-column{justify-content:start;}.kb-row-layout-id319_974bcf-09 > .kt-row-column-wrap{column-gap:var(--global-kb-gap-md, 2rem);row-gap:var(--global-kb-gap-md, 2rem);padding-top:var(--global-kb-spacing-sm, 1.5rem);padding-bottom:var(--global-kb-spacing-sm, 1.5rem);grid-template-columns:repeat(2, minmax(0, 1fr));}.kb-row-layout-id319_974bcf-09 > .kt-row-layout-overlay{opacity:0.30;}@media all and (max-width: 1024px){.kb-row-layout-id319_974bcf-09 > .kt-row-column-wrap{grid-template-columns:repeat(2, minmax(0, 1fr));}}@media all and (max-width: 767px){.kb-row-layout-id319_974bcf-09 > .kt-row-column-wrap{grid-template-columns:minmax(0, 1fr);}}<\/style><div class=\"kb-row-layout-wrap kb-row-layout-id319_974bcf-09 alignnone wp-block-kadence-rowlayout\"><div class=\"kt-row-column-wrap kt-has-2-columns kt-row-layout-equal kt-tab-layout-inherit kt-mobile-layout-row kt-row-valign-top\">\n<style>.kadence-column319_68b39d-0e > .kt-inside-inner-col,.kadence-column319_68b39d-0e > .kt-inside-inner-col:before{border-top-left-radius:0px;border-top-right-radius:0px;border-bottom-right-radius:0px;border-bottom-left-radius:0px;}.kadence-column319_68b39d-0e > .kt-inside-inner-col{column-gap:var(--global-kb-gap-sm, 1rem);}.kadence-column319_68b39d-0e > .kt-inside-inner-col{flex-direction:column;}.kadence-column319_68b39d-0e > .kt-inside-inner-col > .aligncenter{width:100%;}.kadence-column319_68b39d-0e > .kt-inside-inner-col:before{opacity:0.3;}.kadence-column319_68b39d-0e{position:relative;}@media all and (max-width: 1024px){.kadence-column319_68b39d-0e > .kt-inside-inner-col{flex-direction:column;justify-content:center;}}@media all and (max-width: 767px){.kadence-column319_68b39d-0e > .kt-inside-inner-col{flex-direction:column;justify-content:center;}}<\/style>\n<div class=\"wp-block-kadence-column kadence-column319_68b39d-0e\"><div class=\"kt-inside-inner-col\"><style>.wp-block-kadence-column.kb-section-dir-horizontal > .kt-inside-inner-col > .kt-info-box319_42ecd4-a3 .kt-blocks-info-box-link-wrap{max-width:unset;}.kt-info-box319_42ecd4-a3 .kt-blocks-info-box-link-wrap{border-top-left-radius:15px;border-top-right-radius:15px;border-bottom-right-radius:15px;border-bottom-left-radius:15px;background:#f9f9f9;padding-top:var(--global-kb-spacing-xs, 1rem);padding-right:var(--global-kb-spacing-xs, 1rem);padding-bottom:var(--global-kb-spacing-xs, 1rem);padding-left:var(--global-kb-spacing-xs, 1rem);}.kt-info-box319_42ecd4-a3 .kadence-info-box-icon-container .kt-info-svg-icon, .kt-info-box319_42ecd4-a3 .kt-info-svg-icon-flip, .kt-info-box319_42ecd4-a3 .kt-blocks-info-box-number{font-size:70px;}.kt-info-box319_42ecd4-a3 .kt-blocks-info-box-media{color:#000000;border-color:var(--global-palette7, #eeeeee);border-top-width:0px;border-right-width:0px;border-bottom-width:0px;border-left-width:0px;padding-top:10px;padding-right:10px;padding-bottom:10px;padding-left:10px;}.kt-info-box319_42ecd4-a3 .kt-blocks-info-box-media-container{margin-top:0px;margin-right:15px;margin-bottom:0px;margin-left:15px;}.kt-info-box319_42ecd4-a3 .kt-infobox-textcontent h2.kt-blocks-info-box-title{padding-top:0px;padding-right:0px;padding-bottom:0px;padding-left:0px;margin-top:5px;margin-right:0px;margin-bottom:10px;margin-left:0px;}.kt-info-box319_42ecd4-a3 .kt-blocks-info-box-learnmore{color:#ffffff;background:#6c7074;border-radius:10px;border-width:0px 0px 0px 0px;padding-top:4px;padding-right:8px;padding-bottom:4px;padding-left:8px;margin-top:10px;margin-right:0px;margin-bottom:10px;margin-left:0px;}<\/style>\n<div class=\"wp-block-kadence-infobox kt-info-box319_42ecd4-a3\"><a class=\"kt-blocks-info-box-link-wrap info-box-link kt-blocks-info-box-media-align-top kt-info-halign-center\" href=\"https:\/\/icaourense.gal\/gl\/xunta-de-goberno\/\"><div class=\"kt-blocks-info-box-media-container\"><div class=\"kt-blocks-info-box-media kt-info-media-animate-none\"><div class=\"kadence-info-box-icon-container kt-info-icon-animate-none\"><div class=\"kadence-info-box-icon-inner-container\"><span class=\"kb-svg-icon-wrap kb-svg-icon-fas_users kt-info-svg-icon\"><svg viewbox=\"0 0 640 512\"  fill=\"currentColor\" xmlns=\"http:\/\/www.w3.org\/2000\/svg\"  aria-hidden=\"true\"><path d=\"M96 224c35.3 0 64-28.7 64-64s-28.7-64-64-64-64 28.7-64 64 28.7 64 64 64zm448 0c35.3 0 64-28.7 64-64s-28.7-64-64-64-64 28.7-64 64 28.7 64 64 64zm32 32h-64c-17.6 0-33.5 7.1-45.1 18.6 40.3 22.1 68.9 62 75.1 109.4h66c17.7 0 32-14.3 32-32v-32c0-35.3-28.7-64-64-64zm-256 0c61.9 0 112-50.1 112-112S381.9 32 320 32 208 82.1 208 144s50.1 112 112 112zm76.8 32h-8.3c-20.8 10-43.9 16-68.5 16s-47.6-6-68.5-16h-8.3C179.6 288 128 339.6 128 403.2V432c0 26.5 21.5 48 48 48h288c26.5 0 48-21.5 48-48v-28.8c0-63.6-51.6-115.2-115.2-115.2zm-223.7-13.4C161.5 263.1 145.6 256 128 256H64c-35.3 0-64 28.7-64 64v32c0 17.7 14.3 32 32 32h65.9c6.3-47.4 34.9-87.3 75.2-109.4z\"\/><\/svg><\/span><\/div><\/div><\/div><\/div><div class=\"kt-infobox-textcontent\"><h2 class=\"kt-blocks-info-box-title\">Xunta de Goberno<\/h2><div class=\"kt-blocks-info-box-learnmore-wrap\"><span class=\"kt-blocks-info-box-learnmore\">Ver m\u00e1is<\/span><\/div><\/div><\/a><\/div>\n<\/div><\/div>\n\n\n<style>.kadence-column319_c55d2b-03 > .kt-inside-inner-col,.kadence-column319_c55d2b-03 > .kt-inside-inner-col:before{border-top-left-radius:0px;border-top-right-radius:0px;border-bottom-right-radius:0px;border-bottom-left-radius:0px;}.kadence-column319_c55d2b-03 > .kt-inside-inner-col{column-gap:var(--global-kb-gap-sm, 1rem);}.kadence-column319_c55d2b-03 > .kt-inside-inner-col{flex-direction:column;}.kadence-column319_c55d2b-03 > .kt-inside-inner-col > .aligncenter{width:100%;}.kadence-column319_c55d2b-03 > .kt-inside-inner-col:before{opacity:0.3;}.kadence-column319_c55d2b-03{position:relative;}@media all and (max-width: 1024px){.kadence-column319_c55d2b-03 > .kt-inside-inner-col{flex-direction:column;justify-content:center;}}@media all and (max-width: 767px){.kadence-column319_c55d2b-03 > .kt-inside-inner-col{flex-direction:column;justify-content:center;}}<\/style>\n<div class=\"wp-block-kadence-column kadence-column319_c55d2b-03\"><div class=\"kt-inside-inner-col\"><style>.wp-block-kadence-column.kb-section-dir-horizontal > .kt-inside-inner-col > .kt-info-box319_1a9024-8d .kt-blocks-info-box-link-wrap{max-width:unset;}.kt-info-box319_1a9024-8d .kt-blocks-info-box-link-wrap{border-top-left-radius:15px;border-top-right-radius:15px;border-bottom-right-radius:15px;border-bottom-left-radius:15px;background:#f9f9f9;padding-top:var(--global-kb-spacing-xs, 1rem);padding-right:var(--global-kb-spacing-xs, 1rem);padding-bottom:var(--global-kb-spacing-xs, 1rem);padding-left:var(--global-kb-spacing-xs, 1rem);}.kt-info-box319_1a9024-8d .kadence-info-box-icon-container .kt-info-svg-icon, .kt-info-box319_1a9024-8d .kt-info-svg-icon-flip, .kt-info-box319_1a9024-8d .kt-blocks-info-box-number{font-size:70px;}.kt-info-box319_1a9024-8d .kt-blocks-info-box-media{color:#000000;border-color:var(--global-palette7, #eeeeee);border-top-width:0px;border-right-width:0px;border-bottom-width:0px;border-left-width:0px;padding-top:10px;padding-right:10px;padding-bottom:10px;padding-left:10px;}.kt-info-box319_1a9024-8d .kt-blocks-info-box-media-container{margin-top:0px;margin-right:15px;margin-bottom:0px;margin-left:15px;}.kt-info-box319_1a9024-8d .kt-infobox-textcontent h2.kt-blocks-info-box-title{padding-top:0px;padding-right:0px;padding-bottom:0px;padding-left:0px;margin-top:5px;margin-right:0px;margin-bottom:10px;margin-left:0px;}.kt-info-box319_1a9024-8d .kt-blocks-info-box-learnmore{color:#ffffff;background:#6c7074;border-radius:10px;border-width:0px 0px 0px 0px;padding-top:4px;padding-right:8px;padding-bottom:4px;padding-left:8px;margin-top:10px;margin-right:0px;margin-bottom:10px;margin-left:0px;}<\/style>\n<div class=\"wp-block-kadence-infobox kt-info-box319_1a9024-8d\"><a class=\"kt-blocks-info-box-link-wrap info-box-link kt-blocks-info-box-media-align-top kt-info-halign-center\" href=\"https:\/\/icaourense.gal\/gl\/comisions-responsables-de-area\/\"><div class=\"kt-blocks-info-box-media-container\"><div class=\"kt-blocks-info-box-media kt-info-media-animate-none\"><div class=\"kadence-info-box-icon-container kt-info-icon-animate-none\"><div class=\"kadence-info-box-icon-inner-container\"><span class=\"kb-svg-icon-wrap kb-svg-icon-fas_th kt-info-svg-icon\"><svg viewbox=\"0 0 512 512\"  fill=\"currentColor\" xmlns=\"http:\/\/www.w3.org\/2000\/svg\"  aria-hidden=\"true\"><path d=\"M149.333 56v80c0 13.255-10.745 24-24 24H24c-13.255 0-24-10.745-24-24V56c0-13.255 10.745-24 24-24h101.333c13.255 0 24 10.745 24 24zm181.334 240v-80c0-13.255-10.745-24-24-24H205.333c-13.255 0-24 10.745-24 24v80c0 13.255 10.745 24 24 24h101.333c13.256 0 24.001-10.745 24.001-24zm32-240v80c0 13.255 10.745 24 24 24H488c13.255 0 24-10.745 24-24V56c0-13.255-10.745-24-24-24H386.667c-13.255 0-24 10.745-24 24zm-32 80V56c0-13.255-10.745-24-24-24H205.333c-13.255 0-24 10.745-24 24v80c0 13.255 10.745 24 24 24h101.333c13.256 0 24.001-10.745 24.001-24zm-205.334 56H24c-13.255 0-24 10.745-24 24v80c0 13.255 10.745 24 24 24h101.333c13.255 0 24-10.745 24-24v-80c0-13.255-10.745-24-24-24zM0 376v80c0 13.255 10.745 24 24 24h101.333c13.255 0 24-10.745 24-24v-80c0-13.255-10.745-24-24-24H24c-13.255 0-24 10.745-24 24zm386.667-56H488c13.255 0 24-10.745 24-24v-80c0-13.255-10.745-24-24-24H386.667c-13.255 0-24 10.745-24 24v80c0 13.255 10.745 24 24 24zm0 160H488c13.255 0 24-10.745 24-24v-80c0-13.255-10.745-24-24-24H386.667c-13.255 0-24 10.745-24 24v80c0 13.255 10.745 24 24 24zM181.333 376v80c0 13.255 10.745 24 24 24h101.333c13.255 0 24-10.745 24-24v-80c0-13.255-10.745-24-24-24H205.333c-13.255 0-24 10.745-24 24z\"\/><\/svg><\/span><\/div><\/div><\/div><\/div><div class=\"kt-infobox-textcontent\"><h2 class=\"kt-blocks-info-box-title\">Comisiones\/Responsables de \u00e1rea<\/h2><div class=\"kt-blocks-info-box-learnmore-wrap\"><span class=\"kt-blocks-info-box-learnmore\">Ver m\u00e1is<\/span><\/div><\/div><\/a><\/div>\n<\/div><\/div>\n\n<\/div><\/div>\n\n<style>.kb-row-layout-id319_963965-f6 > .kt-row-column-wrap{align-content:start;}:where(.kb-row-layout-id319_963965-f6 > .kt-row-column-wrap) > .wp-block-kadence-column{justify-content:start;}.kb-row-layout-id319_963965-f6 > .kt-row-column-wrap{column-gap:var(--global-kb-gap-md, 2rem);row-gap:var(--global-kb-gap-md, 2rem);padding-top:var(--global-kb-spacing-sm, 1.5rem);padding-bottom:var(--global-kb-spacing-sm, 1.5rem);grid-template-columns:repeat(2, minmax(0, 1fr));}.kb-row-layout-id319_963965-f6 > .kt-row-layout-overlay{opacity:0.30;}@media all and (max-width: 1024px){.kb-row-layout-id319_963965-f6 > .kt-row-column-wrap{grid-template-columns:repeat(2, minmax(0, 1fr));}}@media all and (max-width: 767px){.kb-row-layout-id319_963965-f6 > .kt-row-column-wrap{grid-template-columns:minmax(0, 1fr);}}<\/style><div class=\"kb-row-layout-wrap kb-row-layout-id319_963965-f6 alignnone wp-block-kadence-rowlayout\"><div class=\"kt-row-column-wrap kt-has-2-columns kt-row-layout-equal kt-tab-layout-inherit kt-mobile-layout-row kt-row-valign-top\">\n<style>.kadence-column319_68d305-71 > .kt-inside-inner-col,.kadence-column319_68d305-71 > .kt-inside-inner-col:before{border-top-left-radius:0px;border-top-right-radius:0px;border-bottom-right-radius:0px;border-bottom-left-radius:0px;}.kadence-column319_68d305-71 > .kt-inside-inner-col{column-gap:var(--global-kb-gap-sm, 1rem);}.kadence-column319_68d305-71 > .kt-inside-inner-col{flex-direction:column;}.kadence-column319_68d305-71 > .kt-inside-inner-col > .aligncenter{width:100%;}.kadence-column319_68d305-71 > .kt-inside-inner-col:before{opacity:0.3;}.kadence-column319_68d305-71{position:relative;}@media all and (max-width: 1024px){.kadence-column319_68d305-71 > .kt-inside-inner-col{flex-direction:column;justify-content:center;}}@media all and (max-width: 767px){.kadence-column319_68d305-71 > .kt-inside-inner-col{flex-direction:column;justify-content:center;}}<\/style>\n<div class=\"wp-block-kadence-column kadence-column319_68d305-71\"><div class=\"kt-inside-inner-col\"><style>.wp-block-kadence-column.kb-section-dir-horizontal > .kt-inside-inner-col > .kt-info-box319_8b2bd1-fb .kt-blocks-info-box-link-wrap{max-width:unset;}.kt-info-box319_8b2bd1-fb .kt-blocks-info-box-link-wrap{border-top-left-radius:15px;border-top-right-radius:15px;border-bottom-right-radius:15px;border-bottom-left-radius:15px;background:#f9f9f9;padding-top:var(--global-kb-spacing-xs, 1rem);padding-right:var(--global-kb-spacing-xs, 1rem);padding-bottom:var(--global-kb-spacing-xs, 1rem);padding-left:var(--global-kb-spacing-xs, 1rem);}.kt-info-box319_8b2bd1-fb .kadence-info-box-icon-container .kt-info-svg-icon, .kt-info-box319_8b2bd1-fb .kt-info-svg-icon-flip, .kt-info-box319_8b2bd1-fb .kt-blocks-info-box-number{font-size:70px;}.kt-info-box319_8b2bd1-fb .kt-blocks-info-box-media{color:#000000;border-color:var(--global-palette7, #eeeeee);border-top-width:0px;border-right-width:0px;border-bottom-width:0px;border-left-width:0px;padding-top:10px;padding-right:10px;padding-bottom:10px;padding-left:10px;}.kt-info-box319_8b2bd1-fb .kt-blocks-info-box-media-container{margin-top:0px;margin-right:15px;margin-bottom:0px;margin-left:15px;}.kt-info-box319_8b2bd1-fb .kt-infobox-textcontent h2.kt-blocks-info-box-title{padding-top:0px;padding-right:0px;padding-bottom:0px;padding-left:0px;margin-top:5px;margin-right:0px;margin-bottom:10px;margin-left:0px;}.kt-info-box319_8b2bd1-fb .kt-blocks-info-box-learnmore{color:#ffffff;background:#6c7074;border-radius:10px;border-width:0px 0px 0px 0px;padding-top:4px;padding-right:8px;padding-bottom:4px;padding-left:8px;margin-top:10px;margin-right:0px;margin-bottom:10px;margin-left:0px;}<\/style>\n<div class=\"wp-block-kadence-infobox kt-info-box319_8b2bd1-fb\"><a class=\"kt-blocks-info-box-link-wrap info-box-link kt-blocks-info-box-media-align-top kt-info-halign-center\" href=\"https:\/\/icaourense.gal\/gl\/normativa\/\"><div class=\"kt-blocks-info-box-media-container\"><div class=\"kt-blocks-info-box-media kt-info-media-animate-none\"><div class=\"kadence-info-box-icon-container kt-info-icon-animate-none\"><div class=\"kadence-info-box-icon-inner-container\"><span class=\"kb-svg-icon-wrap kb-svg-icon-fas_list-ol kt-info-svg-icon\"><svg viewbox=\"0 0 512 512\"  fill=\"currentColor\" xmlns=\"http:\/\/www.w3.org\/2000\/svg\"  aria-hidden=\"true\"><path d=\"M3.263 139.527c0-7.477 3.917-11.572 11.573-11.572h15.131V88.078c0-5.163.534-10.503.534-10.503h-.356s-1.779 2.67-2.848 3.738c-4.451 4.273-10.504 4.451-15.666-1.068l-5.518-6.231c-5.342-5.341-4.984-11.216.534-16.379l21.72-19.938C32.815 33.602 36.732 32 42.785 32H54.89c7.656 0 11.749 3.916 11.749 11.572v84.384h15.488c7.655 0 11.572 4.094 11.572 11.572v8.901c0 7.477-3.917 11.572-11.572 11.572H14.836c-7.656 0-11.573-4.095-11.573-11.572v-8.902zM2.211 304.591c0-47.278 50.955-56.383 50.955-69.165 0-7.18-5.954-8.755-9.28-8.755-3.153 0-6.479 1.051-9.455 3.852-5.079 4.903-10.507 7.004-16.111 2.451l-8.579-6.829c-5.779-4.553-7.18-9.805-2.803-15.409C13.592 201.981 26.025 192 47.387 192c19.437 0 44.476 10.506 44.476 39.573 0 38.347-46.753 46.402-48.679 56.909h39.049c7.529 0 11.557 4.027 11.557 11.382v8.755c0 7.354-4.028 11.382-11.557 11.382h-67.94c-7.005 0-12.083-4.028-12.083-11.382v-4.028zM5.654 454.61l5.603-9.28c3.853-6.654 9.105-7.004 15.584-3.152 4.903 2.101 9.63 3.152 14.359 3.152 10.155 0 14.358-3.502 14.358-8.23 0-6.654-5.604-9.106-15.934-9.106h-4.728c-5.954 0-9.28-2.101-12.258-7.88l-1.05-1.926c-2.451-4.728-1.226-9.806 2.801-14.884l5.604-7.004c6.829-8.405 12.257-13.483 12.257-13.483v-.35s-4.203 1.051-12.608 1.051H16.685c-7.53 0-11.383-4.028-11.383-11.382v-8.755c0-7.53 3.853-11.382 11.383-11.382h58.484c7.529 0 11.382 4.027 11.382 11.382v3.327c0 5.778-1.401 9.806-5.079 14.183l-17.509 20.137c19.611 5.078 28.716 20.487 28.716 34.845 0 21.363-14.358 44.126-48.503 44.126-16.636 0-28.192-4.728-35.896-9.455-5.779-4.202-6.304-9.805-2.626-15.934zM144 132h352c8.837 0 16-7.163 16-16V76c0-8.837-7.163-16-16-16H144c-8.837 0-16 7.163-16 16v40c0 8.837 7.163 16 16 16zm0 160h352c8.837 0 16-7.163 16-16v-40c0-8.837-7.163-16-16-16H144c-8.837 0-16 7.163-16 16v40c0 8.837 7.163 16 16 16zm0 160h352c8.837 0 16-7.163 16-16v-40c0-8.837-7.163-16-16-16H144c-8.837 0-16 7.163-16 16v40c0 8.837 7.163 16 16 16z\"\/><\/svg><\/span><\/div><\/div><\/div><\/div><div class=\"kt-infobox-textcontent\"><h2 class=\"kt-blocks-info-box-title\">Regulamentos<\/h2><div class=\"kt-blocks-info-box-learnmore-wrap\"><span class=\"kt-blocks-info-box-learnmore\">Ver m\u00e1is<\/span><\/div><\/div><\/a><\/div>\n<\/div><\/div>\n\n\n<style>.kadence-column319_2be3b2-d0 > .kt-inside-inner-col,.kadence-column319_2be3b2-d0 > .kt-inside-inner-col:before{border-top-left-radius:0px;border-top-right-radius:0px;border-bottom-right-radius:0px;border-bottom-left-radius:0px;}.kadence-column319_2be3b2-d0 > .kt-inside-inner-col{column-gap:var(--global-kb-gap-sm, 1rem);}.kadence-column319_2be3b2-d0 > .kt-inside-inner-col{flex-direction:column;}.kadence-column319_2be3b2-d0 > .kt-inside-inner-col > .aligncenter{width:100%;}.kadence-column319_2be3b2-d0 > .kt-inside-inner-col:before{opacity:0.3;}.kadence-column319_2be3b2-d0{position:relative;}@media all and (max-width: 1024px){.kadence-column319_2be3b2-d0 > .kt-inside-inner-col{flex-direction:column;justify-content:center;}}@media all and (max-width: 767px){.kadence-column319_2be3b2-d0 > .kt-inside-inner-col{flex-direction:column;justify-content:center;}}<\/style>\n<div class=\"wp-block-kadence-column kadence-column319_2be3b2-d0\"><div class=\"kt-inside-inner-col\"><\/div><\/div>\n\n<\/div><\/div>\n\n<style>.kb-row-layout-id319_de8e00-83 > .kt-row-column-wrap{align-content:start;}:where(.kb-row-layout-id319_de8e00-83 > .kt-row-column-wrap) > .wp-block-kadence-column{justify-content:start;}.kb-row-layout-id319_de8e00-83 > .kt-row-column-wrap{column-gap:var(--global-kb-gap-md, 2rem);row-gap:var(--global-kb-gap-md, 2rem);padding-top:var(--global-kb-spacing-sm, 1.5rem);padding-bottom:var(--global-kb-spacing-sm, 1.5rem);grid-template-columns:repeat(2, minmax(0, 1fr));}.kb-row-layout-id319_de8e00-83 > .kt-row-layout-overlay{opacity:0.30;}@media all and (max-width: 1024px){.kb-row-layout-id319_de8e00-83 > .kt-row-column-wrap{grid-template-columns:repeat(2, minmax(0, 1fr));}}@media all and (max-width: 767px){.kb-row-layout-id319_de8e00-83 > .kt-row-column-wrap{grid-template-columns:minmax(0, 1fr);}}<\/style><div class=\"kb-row-layout-wrap kb-row-layout-id319_de8e00-83 alignnone wp-block-kadence-rowlayout\"><div class=\"kt-row-column-wrap kt-has-2-columns kt-row-layout-equal kt-tab-layout-inherit kt-mobile-layout-row kt-row-valign-top\">\n<style>.kadence-column319_e0eb86-06 > .kt-inside-inner-col,.kadence-column319_e0eb86-06 > .kt-inside-inner-col:before{border-top-left-radius:0px;border-top-right-radius:0px;border-bottom-right-radius:0px;border-bottom-left-radius:0px;}.kadence-column319_e0eb86-06 > .kt-inside-inner-col{column-gap:var(--global-kb-gap-sm, 1rem);}.kadence-column319_e0eb86-06 > .kt-inside-inner-col{flex-direction:column;}.kadence-column319_e0eb86-06 > .kt-inside-inner-col > .aligncenter{width:100%;}.kadence-column319_e0eb86-06 > .kt-inside-inner-col:before{opacity:0.3;}.kadence-column319_e0eb86-06{position:relative;}@media all and (max-width: 1024px){.kadence-column319_e0eb86-06 > .kt-inside-inner-col{flex-direction:column;justify-content:center;}}@media all and (max-width: 767px){.kadence-column319_e0eb86-06 > .kt-inside-inner-col{flex-direction:column;justify-content:center;}}<\/style>\n<div class=\"wp-block-kadence-column kadence-column319_e0eb86-06\"><div class=\"kt-inside-inner-col\"><\/div><\/div>\n\n\n<style>.kadence-column319_ceb369-9b > .kt-inside-inner-col,.kadence-column319_ceb369-9b > .kt-inside-inner-col:before{border-top-left-radius:0px;border-top-right-radius:0px;border-bottom-right-radius:0px;border-bottom-left-radius:0px;}.kadence-column319_ceb369-9b > .kt-inside-inner-col{column-gap:var(--global-kb-gap-sm, 1rem);}.kadence-column319_ceb369-9b > .kt-inside-inner-col{flex-direction:column;}.kadence-column319_ceb369-9b > .kt-inside-inner-col > .aligncenter{width:100%;}.kadence-column319_ceb369-9b > .kt-inside-inner-col:before{opacity:0.3;}.kadence-column319_ceb369-9b{position:relative;}@media all and (max-width: 1024px){.kadence-column319_ceb369-9b > .kt-inside-inner-col{flex-direction:column;justify-content:center;}}@media all and (max-width: 767px){.kadence-column319_ceb369-9b > .kt-inside-inner-col{flex-direction:column;justify-content:center;}}<\/style>\n<div class=\"wp-block-kadence-column kadence-column319_ceb369-9b\"><div class=\"kt-inside-inner-col\"><\/div><\/div>\n\n<\/div><\/div>\n\n\n<div style=\"height:50px\" aria-hidden=\"true\" class=\"wp-block-spacer\"><\/div>","protected":false},"excerpt":{"rendered":"<p>Nuestra historia Desde su constituci\u00f3n, en el siglo XIX, el Ilustre Colexio da Avogac\u00eda de Ourense ha buscado participar activamente en la defensa de los intereses de nuestra provincia y en la mejora de la vida de quienes en ella habitan. Generaciones de letrados y letradas han formado parte del mismo, y a ellas les &hellip; <\/p>","protected":false},"author":1,"featured_media":0,"parent":0,"menu_order":0,"comment_status":"closed","ping_status":"closed","template":"","meta":{"footnotes":""},"class_list":["post-319","page","type-page","status-publish","hentry"],"_links":{"self":[{"href":"https:\/\/icaourense.gal\/gl\/wp-json\/wp\/v2\/pages\/319","targetHints":{"allow":["GET"]}}],"collection":[{"href":"https:\/\/icaourense.gal\/gl\/wp-json\/wp\/v2\/pages"}],"about":[{"href":"https:\/\/icaourense.gal\/gl\/wp-json\/wp\/v2\/types\/page"}],"author":[{"embeddable":true,"href":"https:\/\/icaourense.gal\/gl\/wp-json\/wp\/v2\/users\/1"}],"replies":[{"embeddable":true,"href":"https:\/\/icaourense.gal\/gl\/wp-json\/wp\/v2\/comments?post=319"}],"version-history":[{"count":32,"href":"https:\/\/icaourense.gal\/gl\/wp-json\/wp\/v2\/pages\/319\/revisions"}],"predecessor-version":[{"id":1404,"href":"https:\/\/icaourense.gal\/gl\/wp-json\/wp\/v2\/pages\/319\/revisions\/1404"}],"wp:attachment":[{"href":"https:\/\/icaourense.gal\/gl\/wp-json\/wp\/v2\/media?parent=319"}],"curies":[{"name":"wp","href":"https:\/\/api.w.org\/{rel}","templated":true}]}}