{"id":310,"date":"2025-06-17T12:19:35","date_gmt":"2025-06-17T10:19:35","guid":{"rendered":"http:\/\/icaourense.gal\/?page_id=310"},"modified":"2025-06-19T19:01:21","modified_gmt":"2025-06-19T17:01:21","slug":"servizo-de-orientacion-xuridica-sox","status":"publish","type":"page","link":"https:\/\/icaourense.gal\/gl\/servizo-de-orientacion-xuridica-sox\/","title":{"rendered":"Servizo de Orientaci\u00f3n Xur\u00eddica"},"content":{"rendered":"<p class=\"translation-block\">Este servicio de orientaci\u00f3n jur\u00eddica lo presta gratuitamente el Ilustre Colegio de la Abogac\u00eda de Ourense a las personas que, careciendo de recursos econ\u00f3micos para litigar, necesiten informaci\u00f3n sobre las condiciones para la obtenci\u00f3n del beneficio de justicia gratuita al amparo de <a href=\"https:\/\/www.boe.es\/buscar\/act.php?id=BOE-A-1996-750\" data-type=\"link\" data-id=\"https:\/\/www.boe.es\/buscar\/act.php?id=BOE-A-1996-750\" target=\"_self\">la Ley 1\/96, de 10 de enero, de Asistencia Jur\u00eddica Gratuita.<\/a><\/p>\n\n\n\n<h3 class=\"wp-block-heading\"><strong>Horario<\/strong><\/h3>\n\n\n\n<p>Luns, m\u00e9rcores e venres de 9:30 a 10:30, ag\u00e1s no mes de agosto. Sempre con cita previa.<\/p>\n\n\n\n<h3 class=\"wp-block-heading\"><strong>Lugar<\/strong><\/h3>\n\n\n\n<p>Sede do Ilustre Colexio da Avogac\u00eda de Ourense, na r\u00faa Concello, n\u00ba 22, baixo, Ourense.<\/p>\n\n\n\n<h3 class=\"wp-block-heading\"><\/h3>","protected":false},"excerpt":{"rendered":"<p>Este servicio de orientaci\u00f3n jur\u00eddica lo presta gratuitamente el Ilustre Colegio de la Abogac\u00eda de Ourense a las personas que, careciendo de recursos econ\u00f3micos para litigar, necesiten informaci\u00f3n sobre las condiciones para la obtenci\u00f3n del beneficio de justicia gratuita al amparo de la Ley 1\/96, de 10 de enero, de Asistencia Jur\u00eddica Gratuita. Horario Lunes, &hellip; <\/p>","protected":false},"author":1,"featured_media":0,"parent":0,"menu_order":0,"comment_status":"closed","ping_status":"closed","template":"","meta":{"footnotes":""},"class_list":["post-310","page","type-page","status-publish","hentry"],"_links":{"self":[{"href":"https:\/\/icaourense.gal\/gl\/wp-json\/wp\/v2\/pages\/310","targetHints":{"allow":["GET"]}}],"collection":[{"href":"https:\/\/icaourense.gal\/gl\/wp-json\/wp\/v2\/pages"}],"about":[{"href":"https:\/\/icaourense.gal\/gl\/wp-json\/wp\/v2\/types\/page"}],"author":[{"embeddable":true,"href":"https:\/\/icaourense.gal\/gl\/wp-json\/wp\/v2\/users\/1"}],"replies":[{"embeddable":true,"href":"https:\/\/icaourense.gal\/gl\/wp-json\/wp\/v2\/comments?post=310"}],"version-history":[{"count":3,"href":"https:\/\/icaourense.gal\/gl\/wp-json\/wp\/v2\/pages\/310\/revisions"}],"predecessor-version":[{"id":498,"href":"https:\/\/icaourense.gal\/gl\/wp-json\/wp\/v2\/pages\/310\/revisions\/498"}],"wp:attachment":[{"href":"https:\/\/icaourense.gal\/gl\/wp-json\/wp\/v2\/media?parent=310"}],"curies":[{"name":"wp","href":"https:\/\/api.w.org\/{rel}","templated":true}]}}