{"id":364,"date":"2025-06-17T13:12:48","date_gmt":"2025-06-17T11:12:48","guid":{"rendered":"http:\/\/icaourense.gal\/?page_id=364"},"modified":"2025-07-04T12:25:42","modified_gmt":"2025-07-04T10:25:42","slug":"punto-de-informacion-catastral","status":"publish","type":"page","link":"http:\/\/icaourense.gal\/gl\/punto-de-informacion-catastral\/","title":{"rendered":"Punto de Informaci\u00f3n Catastral"},"content":{"rendered":"<h3 class=\"wp-block-heading\">\u00bfQue \u00e9 o Punto de Informaci\u00f3n Catastral?<\/h3>\n\n\n\n<p>El convenio de colaboraci\u00f3n en materia de gesti\u00f3n catastral firmado entre la Direcci\u00f3n General del Catastro del Ministerio de Econom\u00eda y Hacienda y el Ilustre Colegio de la Abogac\u00eda de Ourense permite que este servicio est\u00e9 operativo a trav\u00e9s del Colegio.<\/p>\n\n\n\n<p>O obxecto deste convenio \u00e9 o establecemento na sede colexial dun Punto de Informaci\u00f3n Catastral que permitir\u00e1 a consulta e certificaci\u00f3n telem\u00e1tica da informaci\u00f3n incorporada \u00e1 Base de Datos Nacional do Catastro, mediante o acceso \u00e1 oficina virtual do catastro. Deste xeito, a todos\/as os\/as nosos\/as colexiados\/as, en nome propio ou en representaci\u00f3n dos seus clientes coa s\u00faa autorizaci\u00f3n, as\u00ed como \u00e1 cidadan\u00eda en xeral, facilitar\u00e1selles desde as oficinas deste colexio a consulta e solicitude de certificaci\u00f3ns de datos catastrais, as\u00ed como a presentaci\u00f3n de declaraci\u00f3ns ante o catastro.<\/p>\n\n\n\n<p>Este servizo ser\u00e1 gratu\u00edto para os\/as colexiados\/as cando soliciten informaci\u00f3n ou certificados en nome propio; no caso de que o\/a letrado\/a o solicite para o seu cliente, ou se a persoa solicitante non fose colexiada, aplicar\u00e1selle as taxas correspondentes pola xesti\u00f3n colexial deste servizo.<\/p>\n\n\n\n<hr class=\"wp-block-separator has-alpha-channel-opacity\"\/>\n\n\n\n<h3 class=\"wp-block-heading\">\u00bfQue servizos ofrece?<\/h3>\n\n\n\n<p>Os servizos aos que se poder\u00e1 acceder desde este Punto de Informaci\u00f3n Catastral son os seguintes:<\/p>\n\n\n\n<ul class=\"wp-block-list\">\n<li>Servizo de consulta libre e certificaci\u00f3n electr\u00f3nica de datos catastrais non protexidos e de cartograf\u00eda dixital.<\/li>\n\n\n\n<li>Servizo de consulta e certificaci\u00f3n electr\u00f3nica para os\/as titulares catastrais dos datos protexidos, relativos aos bens inmobles da s\u00faa titularidade.<\/li>\n\n\n\n<li>Servizo de certificaci\u00f3n negativa de bens inmobles ou da circunstancia de non figurar como titular catastral, relativo ao propio solicitante.<\/li>\n\n\n\n<li>Calquera outro servizo de consulta e certificaci\u00f3n que se implante no futuro, nos termos da resoluci\u00f3n que se dite para tal efecto.<\/li>\n<\/ul>\n\n\n\n<hr class=\"wp-block-separator has-alpha-channel-opacity\"\/>\n\n\n\n<h3 class=\"wp-block-heading\">\u00bfQue tarifas se aplican?<\/h3>\n\n\n\n<p>A Xunta de Goberno acorda por unanimidade aprobar os custes de expedici\u00f3n de certificaci\u00f3ns catastrais do PIC, sendo os vixentes na data de hoxe os seguintes:<\/p>\n\n\n\n<ul class=\"wp-block-list\">\n<li class=\"translation-block\"><strong>Certificaci\u00f3n descriptiva e gr\u00e1fica<\/strong>: 19,78 \u20ac (este importe incl\u00fae os datos dos colindantes).<\/li>\n\n\n\n<li><strong>Certificaci\u00f3n literal<\/strong>: 5 \u20ac.<\/li>\n<\/ul>\n\n\n\n<hr class=\"wp-block-separator has-alpha-channel-opacity\"\/>\n\n\n\n<h3 class=\"wp-block-heading\">\u00bfQue requisitos e documentaci\u00f3n deben cumprirse e presentarse?<\/h3>\n\n\n\n<ul class=\"wp-block-list\">\n<li class=\"translation-block\"><strong>En nome propio<\/strong>: s\u00f3 ser\u00e1 necesario presentar o DNI.<\/li>\n\n\n\n<li class=\"translation-block\"><strong>Se non se act\u00faa en nome propio<\/strong>: deberase contar coa correspondente autorizaci\u00f3n do\/da cliente titular catastral e cunha copia do seu DNI.<\/li>\n<\/ul>\n\n\n\n<p>Modelo de autorizaci\u00f3n: Anexo III da Resoluci\u00f3n do 29 de marzo de 2005 da Direcci\u00f3n Xeral do Catastro (BOE n\u00fam. 109 do 07\/05\/2005).<\/p>\n\n\n\n<hr class=\"wp-block-separator has-alpha-channel-opacity\"\/>\n\n\n\n<h3 class=\"wp-block-heading\">\u00bfQue normataiva se aplica?<\/h3>\n\n\n\n<ul class=\"wp-block-list\">\n<li>Real Decreto Lexislativo 1\/2004, Texto Refundido da Lei do Catastro Inmobiliario: T\u00edtulo VI<\/li>\n\n\n\n<li>Real Decreto 417\/2006, Regulamento do Texto Refundido da Lei do Catastro Inmobiliario: T\u00edtulo V<\/li>\n\n\n\n<li>Circular 02.03\/2017, sobre o acceso \u00e1 informaci\u00f3n catastral<\/li>\n\n\n\n<li>Lei Org\u00e1nica 3\/2018, de protecci\u00f3n de datos persoais e garant\u00eda dos dereitos dixitais<\/li>\n\n\n\n<li>Lei 58\/2003, Xeral Tributaria<\/li>\n\n\n\n<li>Lei 39\/2015, do procedemento administrativo com\u00fan das administraci\u00f3ns p\u00fablicas<\/li>\n\n\n\n<li>Lei 19\/2013, de transparencia, acceso \u00e1 informaci\u00f3n p\u00fablica e bo goberno<\/li>\n\n\n\n<li>Resoluci\u00f3n do 15 de xaneiro de 2019, pola que se aproba o r\u00e9xime de establecemento e funcionamento dos Puntos de Informaci\u00f3n Catastral (PIC)<\/li>\n\n\n\n<li>Circular 03.01\/2013P, do 11 de abril, sobre autorizaci\u00f3n, xesti\u00f3n e control dos Puntos de Informaci\u00f3n Catastral (PIC)<\/li>\n<\/ul>\n\n\n\n<p><strong>Enlaces de interese<\/strong><\/p>\n\n\n\n<ul class=\"wp-block-list\">\n<li><a href=\"http:\/\/www.catastro.meh.es\/\" target=\"_blank\" rel=\"noreferrer noopener\">Catastro<\/a><\/li>\n\n\n\n<li><a href=\"http:\/\/icaourense.gal\/wp-content\/uploads\/2025\/06\/autorizacion-catastro.pdf\" data-type=\"link\" data-id=\"http:\/\/icaourense.gal\/wp-content\/uploads\/2025\/06\/autorizacion-catastro.pdf\">Autorizaci\u00f3n catastro<\/a><\/li>\n\n\n\n<li><a href=\"http:\/\/icaourense.gal\/wp-content\/uploads\/2025\/06\/convenio-catastro-2011.pdf\" data-type=\"link\" data-id=\"http:\/\/icaourense.gal\/wp-content\/uploads\/2025\/06\/convenio-catastro-2011.pdf\">Convenio catastro<\/a><\/li>\n<\/ul>\n\n\n\n<p><\/p>","protected":false},"excerpt":{"rendered":"<p>\u00bfQu\u00e9 es el Punto de Informaci\u00f3n Catastral? El convenio de colaboraci\u00f3n en materia de gesti\u00f3n catastral firmado entre la Direcci\u00f3n General del Catastro del Ministerio de Econom\u00eda y Hacienda y el Ilustre Colegio de la Abogac\u00eda de Ourense permite que este servicio est\u00e9 operativo a trav\u00e9s del Colegio. El objeto de este convenio es el &hellip; <\/p>","protected":false},"author":1,"featured_media":0,"parent":0,"menu_order":0,"comment_status":"closed","ping_status":"closed","template":"","meta":{"footnotes":""},"class_list":["post-364","page","type-page","status-publish","hentry"],"_links":{"self":[{"href":"http:\/\/icaourense.gal\/gl\/wp-json\/wp\/v2\/pages\/364","targetHints":{"allow":["GET"]}}],"collection":[{"href":"http:\/\/icaourense.gal\/gl\/wp-json\/wp\/v2\/pages"}],"about":[{"href":"http:\/\/icaourense.gal\/gl\/wp-json\/wp\/v2\/types\/page"}],"author":[{"embeddable":true,"href":"http:\/\/icaourense.gal\/gl\/wp-json\/wp\/v2\/users\/1"}],"replies":[{"embeddable":true,"href":"http:\/\/icaourense.gal\/gl\/wp-json\/wp\/v2\/comments?post=364"}],"version-history":[{"count":4,"href":"http:\/\/icaourense.gal\/gl\/wp-json\/wp\/v2\/pages\/364\/revisions"}],"predecessor-version":[{"id":841,"href":"http:\/\/icaourense.gal\/gl\/wp-json\/wp\/v2\/pages\/364\/revisions\/841"}],"wp:attachment":[{"href":"http:\/\/icaourense.gal\/gl\/wp-json\/wp\/v2\/media?parent=364"}],"curies":[{"name":"wp","href":"https:\/\/api.w.org\/{rel}","templated":true}]}}